{"id":2,"date":"2016-02-21T12:40:35","date_gmt":"2016-02-21T10:40:35","guid":{"rendered":"http:\/\/www.avrasyateknikelektrik.com.tr\/?page_id=2"},"modified":"2018-03-09T08:47:35","modified_gmt":"2018-03-09T06:47:35","slug":"ornek-sayfa","status":"publish","type":"page","link":"https:\/\/www.avrasyateknikelektrik.com.tr\/index.php\/ornek-sayfa\/","title":{"rendered":"\u00c7evreci \u00c7\u00f6z\u00fcmler"},"content":{"rendered":"<p><img loading=\"lazy\" class=\"alignnone  wp-image-24\" src=\"http:\/\/www.avrasyateknikelektrik.com.tr\/wp-content\/uploads\/2016\/02\/banner.jpg\" alt=\"banner\" width=\"1144\" height=\"236\" srcset=\"https:\/\/www.avrasyateknikelektrik.com.tr\/wp-content\/uploads\/2016\/02\/banner.jpg 980w, https:\/\/www.avrasyateknikelektrik.com.tr\/wp-content\/uploads\/2016\/02\/banner-300x62.jpg 300w, https:\/\/www.avrasyateknikelektrik.com.tr\/wp-content\/uploads\/2016\/02\/banner-768x159.jpg 768w\" sizes=\"(max-width: 1144px) 100vw, 1144px\" \/><\/p>\n","protected":false},"excerpt":{"rendered":"","protected":false},"author":1,"featured_media":24,"parent":0,"menu_order":0,"comment_status":"closed","ping_status":"open","template":"","meta":[],"_links":{"self":[{"href":"https:\/\/www.avrasyateknikelektrik.com.tr\/index.php\/wp-json\/wp\/v2\/pages\/2"}],"collection":[{"href":"https:\/\/www.avrasyateknikelektrik.com.tr\/index.php\/wp-json\/wp\/v2\/pages"}],"about":[{"href":"https:\/\/www.avrasyateknikelektrik.com.tr\/index.php\/wp-json\/wp\/v2\/types\/page"}],"author":[{"embeddable":true,"href":"https:\/\/www.avrasyateknikelektrik.com.tr\/index.php\/wp-json\/wp\/v2\/users\/1"}],"replies":[{"embeddable":true,"href":"https:\/\/www.avrasyateknikelektrik.com.tr\/index.php\/wp-json\/wp\/v2\/comments?post=2"}],"version-history":[{"count":2,"href":"https:\/\/www.avrasyateknikelektrik.com.tr\/index.php\/wp-json\/wp\/v2\/pages\/2\/revisions"}],"predecessor-version":[{"id":28,"href":"https:\/\/www.avrasyateknikelektrik.com.tr\/index.php\/wp-json\/wp\/v2\/pages\/2\/revisions\/28"}],"wp:featuredmedia":[{"embeddable":true,"href":"https:\/\/www.avrasyateknikelektrik.com.tr\/index.php\/wp-json\/wp\/v2\/media\/24"}],"wp:attachment":[{"href":"https:\/\/www.avrasyateknikelektrik.com.tr\/index.php\/wp-json\/wp\/v2\/media?parent=2"}],"curies":[{"name":"wp","href":"https:\/\/api.w.org\/{rel}","templated":true}]}}