{"id":30,"date":"2016-02-26T02:39:54","date_gmt":"2016-02-26T00:39:54","guid":{"rendered":"http:\/\/www.avrasyateknikelektrik.com.tr\/?page_id=30"},"modified":"2022-02-19T13:52:59","modified_gmt":"2022-02-19T10:52:59","slug":"hizli-ve-kalici-cozum","status":"publish","type":"page","link":"https:\/\/www.avrasyateknikelektrik.com.tr\/index.php\/hizli-ve-kalici-cozum\/","title":{"rendered":"Hakk\u0131m\u0131zda"},"content":{"rendered":"<p><img loading=\"lazy\" class=\"alignnone size-full wp-image-102\" src=\"http:\/\/www.avrasyateknikelektrik.com.tr\/wp-content\/uploads\/2016\/02\/hakk\u0131m\u0131zda.png\" alt=\"hakk\u0131m\u0131zda\" width=\"1169\" height=\"350\" srcset=\"https:\/\/www.avrasyateknikelektrik.com.tr\/wp-content\/uploads\/2016\/02\/hakk\u0131m\u0131zda.png 1169w, https:\/\/www.avrasyateknikelektrik.com.tr\/wp-content\/uploads\/2016\/02\/hakk\u0131m\u0131zda-300x90.png 300w, https:\/\/www.avrasyateknikelektrik.com.tr\/wp-content\/uploads\/2016\/02\/hakk\u0131m\u0131zda-768x230.png 768w, https:\/\/www.avrasyateknikelektrik.com.tr\/wp-content\/uploads\/2016\/02\/hakk\u0131m\u0131zda-1024x307.png 1024w\" sizes=\"(max-width: 1169px) 100vw, 1169px\" \/><\/p>\n<h3><strong>Avrasya Teknik Elektrik 2000 y\u0131l\u0131nda kurulan bir enerji firmas\u0131d\u0131r.\u00a0B\u00fcnyesinde \u0130ndirimli Elektrik Sat\u0131\u015f\u0131, G\u00fcne\u015f Enerjisi Projeleri ve di\u011fer enerji tabanl\u0131 projeleri ger\u00e7ekle\u015ftiren bir \u015firkettir.<\/strong><\/h3>\n<h3><strong>Sekt\u00f6rdeki talep ve beklentileri engin tecr\u00fcbesi ile de\u011ferlendirerek, kaliteli hizmet anlay\u0131\u015f\u0131 ile bilin\u00e7li m\u00fc\u015fteri portf\u00f6y\u00fc olu\u015fturmaya \u00e7al\u0131\u015fmaktad\u0131r. Bunlar\u0131 yaparken ilkeleri ve do\u011frular\u0131 vazge\u00e7ilmezleridir.<\/strong><\/h3>\n","protected":false},"excerpt":{"rendered":"<p>Avrasya Teknik Elektrik 2000 y\u0131l\u0131nda kurulan bir enerji firmas\u0131d\u0131r.\u00a0B\u00fcnyesinde \u0130ndirimli Elektrik Sat\u0131\u015f\u0131, G\u00fcne\u015f Enerjisi Projeleri ve di\u011fer enerji tabanl\u0131 projeleri ger\u00e7ekle\u015ftiren bir \u015firkettir. Sekt\u00f6rdeki talep ve beklentileri engin tecr\u00fcbesi ile [&hellip;]<\/p>\n","protected":false},"author":1,"featured_media":102,"parent":0,"menu_order":0,"comment_status":"closed","ping_status":"closed","template":"layouts\/fullwidth.php","meta":[],"_links":{"self":[{"href":"https:\/\/www.avrasyateknikelektrik.com.tr\/index.php\/wp-json\/wp\/v2\/pages\/30"}],"collection":[{"href":"https:\/\/www.avrasyateknikelektrik.com.tr\/index.php\/wp-json\/wp\/v2\/pages"}],"about":[{"href":"https:\/\/www.avrasyateknikelektrik.com.tr\/index.php\/wp-json\/wp\/v2\/types\/page"}],"author":[{"embeddable":true,"href":"https:\/\/www.avrasyateknikelektrik.com.tr\/index.php\/wp-json\/wp\/v2\/users\/1"}],"replies":[{"embeddable":true,"href":"https:\/\/www.avrasyateknikelektrik.com.tr\/index.php\/wp-json\/wp\/v2\/comments?post=30"}],"version-history":[{"count":9,"href":"https:\/\/www.avrasyateknikelektrik.com.tr\/index.php\/wp-json\/wp\/v2\/pages\/30\/revisions"}],"predecessor-version":[{"id":813,"href":"https:\/\/www.avrasyateknikelektrik.com.tr\/index.php\/wp-json\/wp\/v2\/pages\/30\/revisions\/813"}],"wp:featuredmedia":[{"embeddable":true,"href":"https:\/\/www.avrasyateknikelektrik.com.tr\/index.php\/wp-json\/wp\/v2\/media\/102"}],"wp:attachment":[{"href":"https:\/\/www.avrasyateknikelektrik.com.tr\/index.php\/wp-json\/wp\/v2\/media?parent=30"}],"curies":[{"name":"wp","href":"https:\/\/api.w.org\/{rel}","templated":true}]}}