{"id":73,"date":"2018-03-09T08:43:34","date_gmt":"2018-03-09T06:43:34","guid":{"rendered":"http:\/\/www.avrasyateknikelektrik.com.tr\/?page_id=73"},"modified":"2018-03-10T01:50:15","modified_gmt":"2018-03-09T23:50:15","slug":"iletisim","status":"publish","type":"page","link":"https:\/\/www.avrasyateknikelektrik.com.tr\/index.php\/iletisim\/","title":{"rendered":"\u0130leti\u015fim"},"content":{"rendered":"<p><img loading=\"lazy\" class=\"alignnone size-full wp-image-86 aligncenter\" src=\"http:\/\/www.avrasyateknikelektrik.com.tr\/wp-content\/uploads\/2018\/03\/ileti\u015fim.jpg\" alt=\"ileti\u015fim\" width=\"689\" height=\"600\" srcset=\"https:\/\/www.avrasyateknikelektrik.com.tr\/wp-content\/uploads\/2018\/03\/ileti\u015fim.jpg 689w, https:\/\/www.avrasyateknikelektrik.com.tr\/wp-content\/uploads\/2018\/03\/ileti\u015fim-300x261.jpg 300w\" sizes=\"(max-width: 689px) 100vw, 689px\" \/><\/p>\n<p>&nbsp;<\/p>\n<p style=\"text-align: center;\">Adres Tarifi \u0130\u00e7in Adresin \u00dczerine T\u0131klay\u0131n\u0131z<\/p>\n<p style=\"text-align: center;\"><strong><a href=\"https:\/\/www.google.com\/maps\/place\/%C3%96zt%C3%BCrkler+Elektrik\/@41.0065986,39.7296573,21z\/data=!4m13!1m7!3m6!1s0x40643c451d982b2d:0x6a1e319c6951d86f!2sKemerkaya+Mahallesi,+Bal%C4%B1kpazar%C4%B1+Sk.+No:6,+61200+Trabzon+Merkez%2FTrabzon!3b1!8m2!3d41.0065533!4d39.7298055!3m4!1s0x40643c4f13cdee8b:0x637dc6189d9a6944!8m2!3d41.006505!4d39.729818\" target=\"_blank\">KEMERKAYA MAH.BALIKPAZARI SOK NO:6 TRABZON<\/a><\/strong><\/p>\n<p style=\"text-align: center;\"><strong><a href=\"tel:0462\">TEL:0462<\/a>\u00a0326 91 91 <\/strong><\/p>\n<p style=\"text-align: center;\"><strong>FAX: 0462 326 91 97<\/strong><\/p>\n<p style=\"text-align: center;\"><strong>GSM: 0 532 453 93 75<\/strong><\/p>\n","protected":false},"excerpt":{"rendered":"<p>&nbsp; Adres Tarifi \u0130\u00e7in Adresin \u00dczerine T\u0131klay\u0131n\u0131z KEMERKAYA MAH.BALIKPAZARI SOK NO:6 TRABZON TEL:0462\u00a0326 91 91 FAX: 0462 326 91 97 GSM: 0 532 453 93 75<\/p>\n","protected":false},"author":1,"featured_media":0,"parent":0,"menu_order":0,"comment_status":"closed","ping_status":"closed","template":"","meta":[],"_links":{"self":[{"href":"https:\/\/www.avrasyateknikelektrik.com.tr\/index.php\/wp-json\/wp\/v2\/pages\/73"}],"collection":[{"href":"https:\/\/www.avrasyateknikelektrik.com.tr\/index.php\/wp-json\/wp\/v2\/pages"}],"about":[{"href":"https:\/\/www.avrasyateknikelektrik.com.tr\/index.php\/wp-json\/wp\/v2\/types\/page"}],"author":[{"embeddable":true,"href":"https:\/\/www.avrasyateknikelektrik.com.tr\/index.php\/wp-json\/wp\/v2\/users\/1"}],"replies":[{"embeddable":true,"href":"https:\/\/www.avrasyateknikelektrik.com.tr\/index.php\/wp-json\/wp\/v2\/comments?post=73"}],"version-history":[{"count":5,"href":"https:\/\/www.avrasyateknikelektrik.com.tr\/index.php\/wp-json\/wp\/v2\/pages\/73\/revisions"}],"predecessor-version":[{"id":115,"href":"https:\/\/www.avrasyateknikelektrik.com.tr\/index.php\/wp-json\/wp\/v2\/pages\/73\/revisions\/115"}],"wp:attachment":[{"href":"https:\/\/www.avrasyateknikelektrik.com.tr\/index.php\/wp-json\/wp\/v2\/media?parent=73"}],"curies":[{"name":"wp","href":"https:\/\/api.w.org\/{rel}","templated":true}]}}